{"id":117,"date":"2020-10-01T21:00:49","date_gmt":"2020-10-01T21:00:49","guid":{"rendered":"https:\/\/rrcinema.com\/es\/?page_id=117"},"modified":"2020-10-16T17:16:46","modified_gmt":"2020-10-16T17:16:46","slug":"films-499","status":"publish","type":"page","link":"https:\/\/rrcinema.com\/es\/films-499\/","title":{"rendered":"499"},"content":{"rendered":"<p>[et_pb_section fb_built=\u00bb1&#8243; _builder_version=\u00bb4.1&#8243; custom_margin=\u00bb0px||||false|false\u00bb custom_padding=\u00bb0px||||false|false\u00bb][et_pb_row _builder_version=\u00bb4.1&#8243;][et_pb_column type=\u00bb4_4&#8243; _builder_version=\u00bb4.1&#8243;][et_pb_video src=\u00bbhttps:\/\/vimeo.com\/397084133&#8243; _builder_version=\u00bb4.1&#8243; animation_style=\u00bbslide\u00bb animation_direction=\u00bbbottom\u00bb][\/et_pb_video][\/et_pb_column][\/et_pb_row][et_pb_row _builder_version=\u00bb4.1&#8243; custom_padding=\u00bb10px|||30px|false|false\u00bb border_width_left=\u00bb5px\u00bb][et_pb_column type=\u00bb4_4&#8243; _builder_version=\u00bb4.1&#8243;][et_pb_code _builder_version=\u00bb4.1&#8243;]<\/p>\n<style><!-- [et_pb_line_break_holder] -->  .circle{<!-- [et_pb_line_break_holder] -->background: #000;<!-- [et_pb_line_break_holder] -->  width: 15px;<!-- [et_pb_line_break_holder] -->  height: 15px;<!-- [et_pb_line_break_holder] -->  border-radius: 50%;<!-- [et_pb_line_break_holder] -->  position: absolute;<!-- [et_pb_line_break_holder] -->  top: -20px;<!-- [et_pb_line_break_holder] -->  left: -40px;<!-- [et_pb_line_break_holder] -->}<!-- [et_pb_line_break_holder] --><\/style>\n<p><!-- [et_pb_line_break_holder] --><!-- [et_pb_line_break_holder] --><\/p>\n<div class=\"circle\"><!-- [et_pb_line_break_holder] -->  <!-- [et_pb_line_break_holder] --><\/div>\n<p>[\/et_pb_code][et_pb_text _builder_version=\u00bb4.1&#8243; text_font=\u00bbRoboto||||||||\u00bb text_font_size=\u00bb30px\u00bb animation_style=\u00bbslide\u00bb]<\/p>\n<p><strong>499<\/strong><\/p>\n<p>[\/et_pb_text][et_pb_text content_tablet=\u00bbMixing fictional and nonfictional elements, 499 is a creative documentary that explores the brutal legacy of colonialism in contemporary Mexico, nearly five-hundred years after Cortez conquered the Aztec Empire.<\/p>\n<p>Through the eyes of a ghostly conquistador, Reyes recreates Hern\u00e1n Cortez\u2019s epic journey from the coasts of Veracruz to the Aztec capital of Tenochtitlan, the site of contemporary Mexico City.<\/p>\n<p>As the anachronistic fictional character interacts with real victims of Mexico\u2019s failed drug wars, the filmmaker portrays the country\u2019s current humanitarian crisis as part of a brutal and unfinished colonial project, still in motion, 499 years later.<\/p>\n<p>*<strong> Best Cinematography, Tribeca Film Festival<\/strong><br \/>\n* <strong>Special Jury Award, Hot Docs<\/strong><br \/>\n* <strong>Special Jury Award, EBS International Documentary Festival <\/strong><br \/>\n* <strong>Supported by Sundance Institute, Tribeca Film Institute, The Mexican Film Institute<\/strong><\/p>\n<p>2020, 88 mins, 2.35<\/p>\n<p><strong>Producers:<\/strong> Inti Cordera &#038; Andrew Houchens<br \/>\n<strong>Executive Producers:<\/strong> Carter Logan &#038; Steve Holmgren<br \/>\n<strong>Co-Producer:<\/strong> David Felix Sutcliffe<br \/>\n<strong>Consulting Producer:<\/strong> Su Kim<br \/>\n<strong>Director of Photography:<\/strong> Alejandro \u201cJano\u201d Mej\u00eda, AMC<br \/>\n<strong>Editor:<\/strong> Daniel Ch\u00e1vez Ontiveros<br \/>\n<strong>Supervising Editor:<\/strong> Andrea Chignoli<br \/>\n<strong>Music:<\/strong> Pablo Mondrag\u00f3n<\/p>\n<p><strong><a class=%22link_cinema%22 data-et-target-link=%22_blank%22 href=%22https:\/\/filmmakermagazine.com\/109602-a-time-traveling-conquistador-confronting-modern-mexicans-rodrigo-reyes-on-his-tribeca-and-hot-docs-selected-499\/%22 rel=%22noopener noreferrer%22>Interview with Filmmaker Magazine<\/a><\/strong><\/p>\n<p><strong><a class=%22link_cinema%22 data-et-target-link=%22_blank%22 href=%22https:\/\/www.cinematropical.com\/cinema-tropical\/rodrigo-reyes-on-499%22 rel=%22noopener noreferrer%22>Cinema Tropical<\/a><\/strong><\/p>\n<p><strong><a class=%22link_cinema%22 data-et-target-link=%22_blank%22 href=%22https:\/\/www.eldiario.es\/cultura\/efectos-imperialismo-mexico-desembarcan-tribeca_1_5876368.html%22 rel=%22noopener noreferrer%22>El Diario<\/a><\/strong>\u00bb content_phone=\u00bbMixing fictional and nonfictional elements, 499 is a creative documentary that explores the brutal legacy of colonialism in contemporary Mexico, nearly five-hundred years after Cortez conquered the Aztec Empire.<\/p>\n<p>Through the eyes of a ghostly conquistador, Reyes recreates Hern\u00e1n Cortez\u2019s epic journey from the coasts of Veracruz to the Aztec capital of Tenochtitlan, the site of contemporary Mexico City.<\/p>\n<p>As the anachronistic fictional character interacts with real victims of Mexico\u2019s failed drug wars, the filmmaker portrays the country\u2019s current humanitarian crisis as part of a brutal and unfinished colonial project, still in motion, 499 years later.<\/p>\n<p>*<strong> Best Cinematography, Tribeca Film Festival<\/strong><br \/>\n* <strong>Special Jury Award, Hot Docs<\/strong><br \/>\n* <strong>Special Jury Award, EBS International Documentary Festival <\/strong><br \/>\n* <strong>Supported by Sundance Institute, Tribeca Film Institute, The Mexican Film Institute<\/strong><\/p>\n<p>2020, 88 mins, 2.35<\/p>\n<p><strong>Producers:<\/strong> Inti Cordera &#038; Andrew Houchens<br \/>\n<strong>Executive Producers:<\/strong> Carter Logan &#038; Steve Holmgren<br \/>\n<strong>Co-Producer:<\/strong> David Felix Sutcliffe<br \/>\n<strong>Consulting Producer:<\/strong> Su Kim<br \/>\n<strong>Director of Photography:<\/strong> Alejandro \u201cJano\u201d Mej\u00eda, AMC<br \/>\n<strong>Editor:<\/strong> Daniel Ch\u00e1vez Ontiveros<br \/>\n<strong>Supervising Editor:<\/strong> Andrea Chignoli<br \/>\n<strong>Music:<\/strong> Pablo Mondrag\u00f3n<\/p>\n<p><strong><a class=%22link_cinema%22 data-et-target-link=%22_blank%22 href=%22https:\/\/filmmakermagazine.com\/109602-a-time-traveling-conquistador-confronting-modern-mexicans-rodrigo-reyes-on-his-tribeca-and-hot-docs-selected-499\/%22 rel=%22noopener noreferrer%22>Interview with Filmmaker Magazine<\/a><\/strong><\/p>\n<p><strong><a class=%22link_cinema%22 data-et-target-link=%22_blank%22 href=%22https:\/\/www.cinematropical.com\/cinema-tropical\/rodrigo-reyes-on-499%22 rel=%22noopener noreferrer%22>Cinema Tropical<\/a><\/strong><\/p>\n<p><strong><a class=%22link_cinema%22 data-et-target-link=%22_blank%22 href=%22https:\/\/www.eldiario.es\/cultura\/efectos-imperialismo-mexico-desembarcan-tribeca_1_5876368.html%22 rel=%22noopener noreferrer%22>El Diario<\/a><\/strong>\u00bb content_last_edited=\u00bbon|phone\u00bb _builder_version=\u00bb4.1&#8243; text_font=\u00bbRoboto|300|||||||\u00bb text_font_size=\u00bb18px\u00bb link_font=\u00bbRoboto||||||||\u00bb link_text_color=\u00bb#666666&#8243; animation_style=\u00bbslide\u00bb animation_direction=\u00bbright\u00bb text_orientation_tablet=\u00bb\u00bb text_orientation_phone=\u00bbleft\u00bb text_orientation_last_edited=\u00bbon|phone\u00bb]Entrelazando elementos del documental y la ficci\u00f3n, 499 explora el legado brutal del colonialismo en el M\u00e9xico contempor\u00e1neo, en v\u00edsperas de cumplirse 500 a\u00f1os de la conquista del imperio azteca por Hern\u00e1n Cort\u00e9s.<\/p>\n<p>A trav\u00e9s de la mirada de un conquistador fantasmag\u00f3rico, Reyes recrea la ruta \u00e9pica de Hern\u00e1n Cort\u00e9s desde la costa de Veracruz hasta la capital azteca de Tenochtitlan, reemplazada por la actual Ciudad de M\u00e9xico.<\/p>\n<p>Sobre la ruta, este personaje anacr\u00f3nico interact\u00faa con v\u00edctimas, personas reales afectadas por la fracasada guerra contra las drogas, y el director va construyendo un retrato de la actual crisis humanitaria del pa\u00eds, un nuevo cap\u00edtulo dentro de un brutal proyecto colonial sin acabar, y a\u00fan en movimiento, 499 a\u00f1os despu\u00e9s.<\/p>\n<p>*<strong> Mejor Fotograf\u00eda, Festival de Tribeca<br \/>\n<\/strong>*<strong> Premio Especial del Jurado, Hot Docs<br \/>\n<\/strong>*<strong> Premio Especial del Jurado, EBS International Documentary Festival<br \/>\n<\/strong>*<strong> Selecci\u00f3n Oficial, FIDBA<br \/>\n<\/strong>* <strong>Selecci\u00f3n Oficial, Festival de Morelia<br \/>\n<\/strong>*<strong> Selecci\u00f3n Oficial, IDFA<br \/>\n<\/strong>*<strong> Selecci\u00f3n Oficial, Camerimage\u00a0 \u00a0 \u00a0 \u00a0\u00a0<\/strong><\/p>\n<p>2020, 88 mins, 2.35<\/p>\n<p><strong>Productores:<\/strong> Inti Cordera &amp; Andrew Houchens<br \/>\n<strong>Productores Ejecutivos:<\/strong> Carter Logan &amp; Steve Holmgren<br \/>\n<strong>Co-Productor:<\/strong> David Felix Sutcliffe<br \/>\n<strong>Productora Asesora:<\/strong> Su Kim<br \/>\n<strong>Director de Fotograf\u00eda:<\/strong> Alejandro \u201cJano\u201d Mej\u00eda, AMC<br \/>\n<strong>Editor:<\/strong> Daniel Ch\u00e1vez Ontiveros<br \/>\n<strong>Supervisora de Edici\u00f3n:<\/strong> Andrea Chignoli<br \/>\n<strong>M\u00fasica:<\/strong> Pablo Mondrag\u00f3n<\/p>\n<p><strong><a class=\"link_cinema\" target=\"_blank\" href=\"https:\/\/filmmakermagazine.com\/109602-a-time-traveling-conquistador-confronting-modern-mexicans-rodrigo-reyes-on-his-tribeca-and-hot-docs-selected-499\/\" rel=\"noopener noreferrer\">Entrevista, Filmmaker Magazine<\/a><\/strong><\/p>\n<p><strong><a class=\"link_cinema\" target=\"_blank\" href=\"https:\/\/www.cinematropical.com\/cinema-tropical\/rodrigo-reyes-on-499\" rel=\"noopener noreferrer\">Cinema Tropical<\/a><\/strong><\/p>\n<p><strong><a class=\"link_cinema\" target=\"_blank\" href=\"https:\/\/www.eldiario.es\/cultura\/efectos-imperialismo-mexico-desembarcan-tribeca_1_5876368.html\" rel=\"noopener noreferrer\">El Diario<\/a><\/strong>[\/et_pb_text][et_pb_button button_text=\u00bbSee  the film\u00bb disabled_on=\u00bbon|on|on\u00bb _builder_version=\u00bb4.1&#8243; custom_button=\u00bbon\u00bb button_text_size=\u00bb18px\u00bb button_text_color=\u00bb#ffffff\u00bb button_bg_color=\u00bb#000000&#8243; button_font=\u00bbRoboto|300|||||||\u00bb custom_padding=\u00bb3px||3px||true|false\u00bb disabled=\u00bbon\u00bb][\/et_pb_button][\/et_pb_column][\/et_pb_row][\/et_pb_section][et_pb_section fb_built=\u00bb1&#8243; _builder_version=\u00bb4.1&#8243; background_color=\u00bb#000000&#8243; width=\u00bb90%\u00bb module_alignment=\u00bbcenter\u00bb custom_padding=\u00bb0px||0px||true|false\u00bb][et_pb_row _builder_version=\u00bb4.1&#8243;][et_pb_column type=\u00bb4_4&#8243; _builder_version=\u00bb4.1&#8243;][et_pb_gallery gallery_ids=\u00bb281,282,283&#8243; posts_number=\u00bb3&#8243; show_title_and_caption=\u00bboff\u00bb show_pagination=\u00bboff\u00bb zoom_icon_color=\u00bb#ffffff\u00bb hover_overlay_color=\u00bbrgba(0,0,0,0.32)\u00bb _builder_version=\u00bb4.1&#8243; text_orientation=\u00bbcenter\u00bb animation_style=\u00bbslide\u00bb animation_direction=\u00bbleft\u00bb custom_css_gallery_item=\u00bbmargin: 0 !important;||width: 33.33% !important;||clear: none !important;\u00bb custom_css_gallery_item_last_edited=\u00bbon|phone\u00bb custom_css_gallery_item_phone=\u00bbwidth: 100% !important;||\u00bb][\/et_pb_gallery][\/et_pb_column][\/et_pb_row][\/et_pb_section][et_pb_section fb_built=\u00bb1&#8243; _builder_version=\u00bb4.1&#8243; custom_margin=\u00bb0px||-8px||false|false\u00bb custom_padding=\u00bb0px||0px||false|false\u00bb locked=\u00bboff\u00bb][et_pb_row _builder_version=\u00bb4.1&#8243; custom_margin=\u00bb0px||0px||false|false\u00bb custom_padding=\u00bb0px||0px||false|false\u00bb][et_pb_column type=\u00bb4_4&#8243; _builder_version=\u00bb4.1&#8243;][et_pb_code _builder_version=\u00bb4.1&#8243; custom_margin=\u00bb0px||0px||false|false\u00bb custom_padding=\u00bb0px||0px||false|false\u00bb hover_enabled=\u00bb0&#8243; locked=\u00bboff\u00bb]<\/p>\n<style><!-- [et_pb_line_break_holder] -->  .icons-footer-page{<!-- [et_pb_line_break_holder] -->\t\twidth: 100%;<!-- [et_pb_line_break_holder] -->\t\ttext-align: right;<!-- [et_pb_line_break_holder] -->\t\tmargin-right: 50px;<!-- [et_pb_line_break_holder] -->    position: fixed;<!-- [et_pb_line_break_holder] -->    bottom: 9px;<!-- [et_pb_line_break_holder] -->    right: -5px;<!-- [et_pb_line_break_holder] -->\t}\t<!-- [et_pb_line_break_holder] -->\t.icons-f{<!-- [et_pb_line_break_holder] -->\t\twidth: 24px;<!-- [et_pb_line_break_holder] -->\t\theight: 23px;<!-- [et_pb_line_break_holder] -->\t\tbackground: #000;<!-- [et_pb_line_break_holder] -->\t\tborder-radius: 50%;<!-- [et_pb_line_break_holder] -->\t\tdisplay: inline-block;<!-- [et_pb_line_break_holder] -->\t\tmargin-left: 4px;<!-- [et_pb_line_break_holder] -->\t}<!-- [et_pb_line_break_holder] -->  <!-- [et_pb_line_break_holder] -->  .icons-f:hover > p{<!-- [et_pb_line_break_holder] -->    background: #fff;<!-- [et_pb_line_break_holder] -->    color: #000;<!-- [et_pb_line_break_holder] -->  }<!-- [et_pb_line_break_holder] --><!-- [et_pb_line_break_holder] -->\t.icons-f p{<!-- [et_pb_line_break_holder] -->    font-family: 'Roboto',Helvetica,Arial,Lucida,sans-serif!important;<!-- [et_pb_line_break_holder] -->\t\tcolor: #fff;<!-- [et_pb_line_break_holder] -->\t\ttext-align: center;<!-- [et_pb_line_break_holder] -->\t\tfont-size: 11px;<!-- [et_pb_line_break_holder] -->\t\tmargin: 0px;<!-- [et_pb_line_break_holder] -->    border-radius: 50%;<!-- [et_pb_line_break_holder] -->    transition: 0.5s;<!-- [et_pb_line_break_holder] -->\t}<!-- [et_pb_line_break_holder] -->  <!-- [et_pb_line_break_holder] -->  .icons-f p i{<!-- [et_pb_line_break_holder] -->    font-size: 12px;<!-- [et_pb_line_break_holder] -->    }<!-- [et_pb_line_break_holder] -->  <!-- [et_pb_line_break_holder] --> \/* @media (max-width: 1200px) {<!-- [et_pb_line_break_holder] -->    .icons-footer-page{<!-- [et_pb_line_break_holder] -->        right: -40px;<!-- [et_pb_line_break_holder] -->    } <!-- [et_pb_line_break_holder] -->  }*\/<!-- [et_pb_line_break_holder] -->  <!-- [et_pb_line_break_holder] -->   @media (max-width: 500px) {<!-- [et_pb_line_break_holder] -->    .icons-footer-page{<!-- [et_pb_line_break_holder] -->    \tright: -40px;<!-- [et_pb_line_break_holder] -->    } <!-- [et_pb_line_break_holder] -->  }<!-- [et_pb_line_break_holder] --><!-- [et_pb_line_break_holder] -->\t\/*.line{<!-- [et_pb_line_break_holder] -->\t\tborder: solid 1px red;<!-- [et_pb_line_break_holder] -->\t\tdisplay: inline-block;<!-- [et_pb_line_break_holder] -->\t\theight: 25px;<!-- [et_pb_line_break_holder] -->\t\tmargin-left: 5px;<!-- [et_pb_line_break_holder] --><!-- [et_pb_line_break_holder] -->\t}<!-- [et_pb_line_break_holder] --><!-- [et_pb_line_break_holder] -->\t.line p{<!-- [et_pb_line_break_holder] -->\t\tcolor: #fff;<!-- [et_pb_line_break_holder] -->\t\ttext-align: center;<!-- [et_pb_line_break_holder] -->\t\tfont-size: 11px;<!-- [et_pb_line_break_holder] -->\t\tmargin: 0px;<!-- [et_pb_line_break_holder] -->\t\tpadding-top: 5px;<!-- [et_pb_line_break_holder] --><!-- [et_pb_line_break_holder] -->\t}*\/<!-- [et_pb_line_break_holder] --><\/style>\n<p>\t<!-- [et_pb_line_break_holder] --><\/p>\n<div class=\"icons-footer-page\"><!-- [et_pb_line_break_holder] -->\t<a href=\"https:\/\/rrcinema.com\/films-499\/\" class=\"icons-f\"><!-- [et_pb_line_break_holder] -->\t\t\t<\/p>\n<p>EN<\/p>\n<p><!-- [et_pb_line_break_holder] -->\t\t<\/a><!-- [et_pb_line_break_holder] -->\t\t<a href=\"https:\/\/rrcinema.com\/es\/films-499\/\" class=\"icons-f\"><!-- [et_pb_line_break_holder] -->\t\t\t<\/p>\n<p>ES<\/p>\n<p><!-- [et_pb_line_break_holder] -->\t\t<\/a><!-- [et_pb_line_break_holder] -->\t\t<!--\n\n<div class=\"line\"><!-- [et_pb_line_break_holder] -->\t\t\t<\/p>\n<p><!-- [et_pb_line_break_holder] -->\t\t<\/div>\n<p>&#8211;><!-- [et_pb_line_break_holder] -->\t\t<a target=\"_blank\" href=\"https:\/\/www.instagram.com\/rr_cinema\/\" class=\"icons-f\" rel=\"noopener noreferrer\"><!-- [et_pb_line_break_holder] -->\t\t\t<\/p>\n<p><i class=\"fa fa-instagram\"><\/i><\/p>\n<p><!-- [et_pb_line_break_holder] -->\t\t<\/a><!-- [et_pb_line_break_holder] -->\t\t<a target=\"_blank\" href=\"https:\/\/www.facebook.com\/mrrodrigoreyes\" class=\"icons-f\" rel=\"noopener noreferrer\"><!-- [et_pb_line_break_holder] -->\t\t\t<\/p>\n<p><i class=\"fa fa-facebook\"><\/i><\/p>\n<p><!-- [et_pb_line_break_holder] -->\t\t<\/a><!-- [et_pb_line_break_holder] -->\t<\/div>\n<p><!-- [et_pb_line_break_holder] -->[\/et_pb_code][\/et_pb_column][\/et_pb_row][\/et_pb_section]<\/p>\n","protected":false},"excerpt":{"rendered":"<p>[et_pb_section fb_built=\u00bb1&#8243; _builder_version=\u00bb4.1&#8243; custom_margin=\u00bb0px||||false|false\u00bb custom_padding=\u00bb0px||||false|false\u00bb][et_pb_row _builder_version=\u00bb4.1&#8243;][et_pb_column type=\u00bb4_4&#8243; _builder_version=\u00bb4.1&#8243;][et_pb_video src=\u00bbhttps:\/\/vimeo.com\/397084133&#8243; _builder_version=\u00bb4.1&#8243; animation_style=\u00bbslide\u00bb animation_direction=\u00bbbottom\u00bb][\/et_pb_video][\/et_pb_column][\/et_pb_row][et_pb_row _builder_version=\u00bb4.1&#8243; custom_padding=\u00bb10px|||30px|false|false\u00bb border_width_left=\u00bb5px\u00bb][et_pb_column type=\u00bb4_4&#8243; _builder_version=\u00bb4.1&#8243;][et_pb_code _builder_version=\u00bb4.1&#8243;] [\/et_pb_code][et_pb_text _builder_version=\u00bb4.1&#8243; text_font=\u00bbRoboto||||||||\u00bb text_font_size=\u00bb30px\u00bb animation_style=\u00bbslide\u00bb] 499 [\/et_pb_text][et_pb_text content_tablet=\u00bbMixing fictional and nonfictional elements, 499 is a creative documentary that explores the brutal legacy of colonialism in contemporary Mexico, nearly five-hundred years after Cortez conquered the Aztec Empire. Through [&hellip;]<\/p>\n","protected":false},"author":1,"featured_media":0,"parent":0,"menu_order":0,"comment_status":"closed","ping_status":"closed","template":"","meta":{"_et_pb_use_builder":"on","_et_pb_old_content":"<!-- wp:divi\/placeholder \/-->","_et_gb_content_width":""},"_links":{"self":[{"href":"https:\/\/rrcinema.com\/es\/wp-json\/wp\/v2\/pages\/117"}],"collection":[{"href":"https:\/\/rrcinema.com\/es\/wp-json\/wp\/v2\/pages"}],"about":[{"href":"https:\/\/rrcinema.com\/es\/wp-json\/wp\/v2\/types\/page"}],"author":[{"embeddable":true,"href":"https:\/\/rrcinema.com\/es\/wp-json\/wp\/v2\/users\/1"}],"replies":[{"embeddable":true,"href":"https:\/\/rrcinema.com\/es\/wp-json\/wp\/v2\/comments?post=117"}],"version-history":[{"count":73,"href":"https:\/\/rrcinema.com\/es\/wp-json\/wp\/v2\/pages\/117\/revisions"}],"predecessor-version":[{"id":965,"href":"https:\/\/rrcinema.com\/es\/wp-json\/wp\/v2\/pages\/117\/revisions\/965"}],"wp:attachment":[{"href":"https:\/\/rrcinema.com\/es\/wp-json\/wp\/v2\/media?parent=117"}],"curies":[{"name":"wp","href":"https:\/\/api.w.org\/{rel}","templated":true}]}}