{"id":300,"date":"2020-10-07T21:37:53","date_gmt":"2020-10-07T21:37:53","guid":{"rendered":"https:\/\/rrcinema.com\/es\/?page_id=300"},"modified":"2020-10-16T17:18:20","modified_gmt":"2020-10-16T17:18:20","slug":"films-lupe-under-the-sun","status":"publish","type":"page","link":"https:\/\/rrcinema.com\/es\/films-lupe-under-the-sun\/","title":{"rendered":"Films lupe under the sun"},"content":{"rendered":"<p>[et_pb_section fb_built=\u00bb1&#8243; _builder_version=\u00bb4.1&#8243; custom_margin=\u00bb0px||||false|false\u00bb custom_padding=\u00bb0px||||false|false\u00bb][et_pb_row _builder_version=\u00bb4.1&#8243;][et_pb_column type=\u00bb4_4&#8243; _builder_version=\u00bb4.1&#8243;][et_pb_video src=\u00bbhttps:\/\/vimeo.com\/170077110&#8243; _builder_version=\u00bb4.1&#8243; animation_style=\u00bbslide\u00bb animation_direction=\u00bbbottom\u00bb][\/et_pb_video][\/et_pb_column][\/et_pb_row][et_pb_row _builder_version=\u00bb4.1&#8243; custom_padding=\u00bb10px|||30px|false|false\u00bb border_width_left=\u00bb5px\u00bb][et_pb_column type=\u00bb4_4&#8243; _builder_version=\u00bb4.1&#8243;][et_pb_code _builder_version=\u00bb4.1&#8243;]<\/p>\n<style><!-- [et_pb_line_break_holder] -->  .circle{<!-- [et_pb_line_break_holder] -->background: #000;<!-- [et_pb_line_break_holder] -->  width: 15px;<!-- [et_pb_line_break_holder] -->  height: 15px;<!-- [et_pb_line_break_holder] -->  border-radius: 50%;<!-- [et_pb_line_break_holder] -->  position: absolute;<!-- [et_pb_line_break_holder] -->  top: -20px;<!-- [et_pb_line_break_holder] -->  left: -40px;<!-- [et_pb_line_break_holder] -->}<!-- [et_pb_line_break_holder] --><\/style>\n<p><!-- [et_pb_line_break_holder] --><!-- [et_pb_line_break_holder] --><\/p>\n<div class=\"circle\"><!-- [et_pb_line_break_holder] -->  <!-- [et_pb_line_break_holder] --><\/div>\n<p>[\/et_pb_code][et_pb_text _builder_version=\u00bb4.1&#8243; text_font=\u00bbRoboto||||||||\u00bb text_font_size=\u00bb30px\u00bb animation_style=\u00bbslide\u00bb text_line_height_tablet=\u00bb\u00bb text_line_height_phone=\u00bb30px\u00bb text_line_height_last_edited=\u00bbon|phone\u00bb]<\/p>\n<p><strong>Lupe bajo el sol<\/strong><\/p>\n<p>[\/et_pb_text][et_pb_text _builder_version=\u00bb4.1&#8243; text_font=\u00bbRoboto|300|||||||\u00bb text_font_size=\u00bb18px\u00bb link_font=\u00bbRoboto||||||||\u00bb link_text_color=\u00bb#666666&#8243; animation_style=\u00bbslide\u00bb animation_direction=\u00bbright\u00bb]Distanciado de su familia en M\u00e9xico por muchos a\u00f1os, Lupe es un trabajador migrante que aguanta largas jornadas cosechando duraznos en el Valle Central de California, buscando alivio en las cervezas y un amor\u00edo discreto con una paisana llamada Gloria. Sin embargo, un d\u00eda la estabilidad de su rutina empieza a cuartearse bajo el peso de una vida lastimada por los remordimientos y las oportunidades perdidas, obligando a Lupe a hacer todo lo posible por volver a casa por \u00faltima vez, antes de que sea demasiado tarde.<\/p>\n<p>En su primera obra de ficci\u00f3n, el director Rodrigo Reyes juega con los l\u00edmites de la ficci\u00f3n y el documental, trabajando con actores no-profesionales, trabajadores del campo mexicanos de verdad, que radican en el coraz\u00f3n de California y narran un drama conmovedor sobre la nostalgia y las desilusiones que viven en las m\u00e1rgenes del sue\u00f1o americano.<\/p>\n<p>*<strong> Premio Especial del Jurado, LA Film Festival<\/strong><br \/>\n*<strong> Premio Grand Chameleon, Brooklyn Film Festival<\/strong><br \/>\n*<strong> Mejor Ficci\u00f3n, Brooklyn Film Festival <\/strong><\/p>\n<p>Con el apoyo de: IFP Narrative Lab, Film Independent Canon Filmmaker Award, el Instituto Mexicano de Cinematograf\u00eda (IMCINE)<\/p>\n<p>2016, 78 mins, 1.85<\/p>\n<p><strong>Productora:<\/strong> Su Kim<br \/>\n<strong>Productores Ejecutivos:<\/strong> Inti Cordera &amp; Pau Brunet<br \/>\n<strong>Productor Asociado:<\/strong> Miguel Reyes<br \/>\n<strong>Director de Fotograf\u00eda:<\/strong> Justin Chin<br \/>\n<strong>Editor:<\/strong> Manuel Tsingaris<br \/>\n<strong>M\u00fasica:<\/strong> Pablo Mondrag\u00f3n<\/p>\n<p><strong><a class=\"link_cinema\" target=\"_blank\" href=\"https:\/\/www.hollywoodreporter.com\/review\/lupe-under-sun-lupe-bajo-903505\" rel=\"noopener noreferrer\">The Hollywood Reporter<\/a><\/strong><\/p>\n<p><strong><a class=\"link_cinema\" target=\"_blank\" href=\"https:\/\/www.bbc.co.uk\/programmes\/p04brcn5\" rel=\"noopener noreferrer\">BBC Radio<\/a><\/strong><\/p>\n<p><strong><a class=\"link_cinema\" target=\"_blank\" href=\"https:\/\/www.theupcoming.co.uk\/2016\/10\/04\/london-film-festival-2016-lupe-bajo-el-sol-lupe-under-the-sun-review\/\" rel=\"noopener noreferrer\">The Upcoming<\/a><\/strong><\/p>\n<p>Sigue la pel\u00edcula en <strong><a href=\"#\">Twitter<\/a><\/strong>,<strong><a href=\"#\"> Facebook<\/a><\/strong> and <a href=\"#\"><strong>Instagram<\/strong><\/a><\/p>\n<p>Disponible en: <strong><a class=\"link_cinema\" target=\"_blank\" href=\"https:\/\/gooddocs.net\/products\/lupe-under-the-sun\" rel=\"noopener noreferrer\">Good Docs<\/a> &amp; <a class=\"link_cinema\" target=\"_blank\" href=\"https:\/\/www.filminlatino.mx\/pelicula\/lupe-bajo-el-sol?origin=searcher&amp;origin-type=unique\" rel=\"noopener noreferrer\">Filmin Latino (M\u00e9xico)<\/a><\/strong>[\/et_pb_text][\/et_pb_column][\/et_pb_row][\/et_pb_section][et_pb_section fb_built=\u00bb1&#8243; _builder_version=\u00bb4.1&#8243; background_color=\u00bb#000000&#8243; width=\u00bb90%\u00bb module_alignment=\u00bbcenter\u00bb custom_padding=\u00bb0px||0px||true|false\u00bb][et_pb_row _builder_version=\u00bb4.1&#8243;][et_pb_column type=\u00bb4_4&#8243; _builder_version=\u00bb4.1&#8243;][et_pb_gallery gallery_ids=\u00bb320,321,322&#8243; posts_number=\u00bb3&#8243; show_title_and_caption=\u00bboff\u00bb show_pagination=\u00bboff\u00bb zoom_icon_color=\u00bb#ffffff\u00bb hover_overlay_color=\u00bbrgba(0,0,0,0.32)\u00bb _builder_version=\u00bb4.1&#8243; text_orientation=\u00bbcenter\u00bb animation_style=\u00bbslide\u00bb animation_direction=\u00bbleft\u00bb custom_css_gallery_item=\u00bbmargin: 0 !important;||width: 33.33% !important;||clear: none !important;\u00bb custom_css_gallery_item_last_edited=\u00bbon|phone\u00bb custom_css_gallery_item_phone=\u00bbwidth: 100% !important;||\u00bb][\/et_pb_gallery][\/et_pb_column][\/et_pb_row][\/et_pb_section][et_pb_section fb_built=\u00bb1&#8243; _builder_version=\u00bb4.1&#8243; custom_margin=\u00bb0px||-8px||false|false\u00bb custom_padding=\u00bb0px||0px||false|false\u00bb locked=\u00bboff\u00bb][et_pb_row _builder_version=\u00bb4.1&#8243; custom_margin=\u00bb0px||0px||false|false\u00bb custom_padding=\u00bb0px||0px||false|false\u00bb][et_pb_column type=\u00bb4_4&#8243; _builder_version=\u00bb4.1&#8243;][et_pb_code _builder_version=\u00bb4.1&#8243; custom_margin=\u00bb0px||0px||false|false\u00bb custom_padding=\u00bb0px||0px||false|false\u00bb hover_enabled=\u00bb0&#8243; locked=\u00bboff\u00bb]<\/p>\n<style><!-- [et_pb_line_break_holder] -->  .icons-footer-page{<!-- [et_pb_line_break_holder] -->\t\twidth: 100%;<!-- [et_pb_line_break_holder] -->\t\ttext-align: right;<!-- [et_pb_line_break_holder] -->\t\tmargin-right: 50px;<!-- [et_pb_line_break_holder] -->    position: fixed;<!-- [et_pb_line_break_holder] -->    bottom: 9px;<!-- [et_pb_line_break_holder] -->    right: -5px;<!-- [et_pb_line_break_holder] -->\t}\t<!-- [et_pb_line_break_holder] -->\t.icons-f{<!-- [et_pb_line_break_holder] -->\t\twidth: 24px;<!-- [et_pb_line_break_holder] -->\t\theight: 23px;<!-- [et_pb_line_break_holder] -->\t\tbackground: #000;<!-- [et_pb_line_break_holder] -->\t\tborder-radius: 50%;<!-- [et_pb_line_break_holder] -->\t\tdisplay: inline-block;<!-- [et_pb_line_break_holder] -->\t\tmargin-left: 4px;<!-- [et_pb_line_break_holder] -->\t}<!-- [et_pb_line_break_holder] -->  <!-- [et_pb_line_break_holder] -->  .icons-f:hover > p{<!-- [et_pb_line_break_holder] -->    background: #fff;<!-- [et_pb_line_break_holder] -->    color: #000;<!-- [et_pb_line_break_holder] -->  }<!-- [et_pb_line_break_holder] --><!-- [et_pb_line_break_holder] -->\t.icons-f p{<!-- [et_pb_line_break_holder] -->    font-family: 'Roboto',Helvetica,Arial,Lucida,sans-serif!important;<!-- [et_pb_line_break_holder] -->\t\tcolor: #fff;<!-- [et_pb_line_break_holder] -->\t\ttext-align: center;<!-- [et_pb_line_break_holder] -->\t\tfont-size: 11px;<!-- [et_pb_line_break_holder] -->\t\tmargin: 0px;<!-- [et_pb_line_break_holder] -->    border-radius: 50%;<!-- [et_pb_line_break_holder] -->    transition: 0.5s;<!-- [et_pb_line_break_holder] -->\t}<!-- [et_pb_line_break_holder] -->  <!-- [et_pb_line_break_holder] -->  .icons-f p i{<!-- [et_pb_line_break_holder] -->    font-size: 12px;<!-- [et_pb_line_break_holder] -->    }<!-- [et_pb_line_break_holder] -->  <!-- [et_pb_line_break_holder] --> \/* @media (max-width: 1200px) {<!-- [et_pb_line_break_holder] -->    .icons-footer-page{<!-- [et_pb_line_break_holder] -->        right: -40px;<!-- [et_pb_line_break_holder] -->    } <!-- [et_pb_line_break_holder] -->  }*\/<!-- [et_pb_line_break_holder] -->  <!-- [et_pb_line_break_holder] -->   @media (max-width: 500px) {<!-- [et_pb_line_break_holder] -->    .icons-footer-page{<!-- [et_pb_line_break_holder] -->    \tright: -40px;<!-- [et_pb_line_break_holder] -->    } <!-- [et_pb_line_break_holder] -->  }<!-- [et_pb_line_break_holder] --><!-- [et_pb_line_break_holder] -->\t\/*.line{<!-- [et_pb_line_break_holder] -->\t\tborder: solid 1px red;<!-- [et_pb_line_break_holder] -->\t\tdisplay: inline-block;<!-- [et_pb_line_break_holder] -->\t\theight: 25px;<!-- [et_pb_line_break_holder] -->\t\tmargin-left: 5px;<!-- [et_pb_line_break_holder] --><!-- [et_pb_line_break_holder] -->\t}<!-- [et_pb_line_break_holder] --><!-- [et_pb_line_break_holder] -->\t.line p{<!-- [et_pb_line_break_holder] -->\t\tcolor: #fff;<!-- [et_pb_line_break_holder] -->\t\ttext-align: center;<!-- [et_pb_line_break_holder] -->\t\tfont-size: 11px;<!-- [et_pb_line_break_holder] -->\t\tmargin: 0px;<!-- [et_pb_line_break_holder] -->\t\tpadding-top: 5px;<!-- [et_pb_line_break_holder] --><!-- [et_pb_line_break_holder] -->\t}*\/<!-- [et_pb_line_break_holder] --><\/style>\n<p>\t<!-- [et_pb_line_break_holder] --><\/p>\n<div class=\"icons-footer-page\"><!-- [et_pb_line_break_holder] -->\t\t<a href=\"https:\/\/rrcinema.com\/films-lupe-under-the-sun\/\" class=\"icons-f\"><!-- [et_pb_line_break_holder] -->\t\t\t<\/p>\n<p>EN<\/p>\n<p><!-- [et_pb_line_break_holder] -->\t\t<\/a><!-- [et_pb_line_break_holder] -->\t\t<a href=\"https:\/\/rrcinema.com\/es\/films-lupe-under-the-sun\/\" class=\"icons-f\"><!-- [et_pb_line_break_holder] -->\t\t\t<\/p>\n<p>ES<\/p>\n<p><!-- [et_pb_line_break_holder] -->\t\t<\/a><!-- [et_pb_line_break_holder] -->\t\t<!--\n\n<div class=\"line\"><!-- [et_pb_line_break_holder] -->\t\t\t<\/p>\n<p><!-- [et_pb_line_break_holder] -->\t\t<\/div>\n<p>&#8211;><!-- [et_pb_line_break_holder] -->\t\t<a target=\"_blank\" href=\"https:\/\/www.instagram.com\/rr_cinema\/\" class=\"icons-f\" rel=\"noopener noreferrer\"><!-- [et_pb_line_break_holder] -->\t\t\t\t\t<\/p>\n<p><i class=\"fa fa-instagram\"><\/i><\/p>\n<p><!-- [et_pb_line_break_holder] -->\t\t\t\t<\/a><!-- [et_pb_line_break_holder] -->\t\t\t\t<a target=\"_blank\" href=\"https:\/\/www.facebook.com\/mrrodrigoreyes\" class=\"icons-f\" rel=\"noopener noreferrer\"><!-- [et_pb_line_break_holder] -->\t\t\t\t\t<\/p>\n<p><i class=\"fa fa-facebook\"><\/i><\/p>\n<p><!-- [et_pb_line_break_holder] -->\t\t\t\t<\/a><!-- [et_pb_line_break_holder] -->\t<\/div>\n<p><!-- [et_pb_line_break_holder] -->[\/et_pb_code][\/et_pb_column][\/et_pb_row][\/et_pb_section]<\/p>\n","protected":false},"excerpt":{"rendered":"<p>[et_pb_section fb_built=\u00bb1&#8243; _builder_version=\u00bb4.1&#8243; custom_margin=\u00bb0px||||false|false\u00bb custom_padding=\u00bb0px||||false|false\u00bb][et_pb_row _builder_version=\u00bb4.1&#8243;][et_pb_column type=\u00bb4_4&#8243; _builder_version=\u00bb4.1&#8243;][et_pb_video src=\u00bbhttps:\/\/vimeo.com\/170077110&#8243; _builder_version=\u00bb4.1&#8243; animation_style=\u00bbslide\u00bb animation_direction=\u00bbbottom\u00bb][\/et_pb_video][\/et_pb_column][\/et_pb_row][et_pb_row _builder_version=\u00bb4.1&#8243; custom_padding=\u00bb10px|||30px|false|false\u00bb border_width_left=\u00bb5px\u00bb][et_pb_column type=\u00bb4_4&#8243; _builder_version=\u00bb4.1&#8243;][et_pb_code _builder_version=\u00bb4.1&#8243;] [\/et_pb_code][et_pb_text _builder_version=\u00bb4.1&#8243; text_font=\u00bbRoboto||||||||\u00bb text_font_size=\u00bb30px\u00bb animation_style=\u00bbslide\u00bb text_line_height_tablet=\u00bb\u00bb text_line_height_phone=\u00bb30px\u00bb text_line_height_last_edited=\u00bbon|phone\u00bb] Lupe bajo el sol [\/et_pb_text][et_pb_text _builder_version=\u00bb4.1&#8243; text_font=\u00bbRoboto|300|||||||\u00bb text_font_size=\u00bb18px\u00bb link_font=\u00bbRoboto||||||||\u00bb link_text_color=\u00bb#666666&#8243; animation_style=\u00bbslide\u00bb animation_direction=\u00bbright\u00bb]Distanciado de su familia en M\u00e9xico por muchos a\u00f1os, Lupe es un trabajador migrante que aguanta largas jornadas [&hellip;]<\/p>\n","protected":false},"author":1,"featured_media":0,"parent":0,"menu_order":0,"comment_status":"closed","ping_status":"closed","template":"","meta":{"_et_pb_use_builder":"on","_et_pb_old_content":"<!-- wp:divi\/placeholder \/-->","_et_gb_content_width":""},"_links":{"self":[{"href":"https:\/\/rrcinema.com\/es\/wp-json\/wp\/v2\/pages\/300"}],"collection":[{"href":"https:\/\/rrcinema.com\/es\/wp-json\/wp\/v2\/pages"}],"about":[{"href":"https:\/\/rrcinema.com\/es\/wp-json\/wp\/v2\/types\/page"}],"author":[{"embeddable":true,"href":"https:\/\/rrcinema.com\/es\/wp-json\/wp\/v2\/users\/1"}],"replies":[{"embeddable":true,"href":"https:\/\/rrcinema.com\/es\/wp-json\/wp\/v2\/comments?post=300"}],"version-history":[{"count":23,"href":"https:\/\/rrcinema.com\/es\/wp-json\/wp\/v2\/pages\/300\/revisions"}],"predecessor-version":[{"id":966,"href":"https:\/\/rrcinema.com\/es\/wp-json\/wp\/v2\/pages\/300\/revisions\/966"}],"wp:attachment":[{"href":"https:\/\/rrcinema.com\/es\/wp-json\/wp\/v2\/media?parent=300"}],"curies":[{"name":"wp","href":"https:\/\/api.w.org\/{rel}","templated":true}]}}