{"id":369,"date":"2020-10-08T17:55:06","date_gmt":"2020-10-08T17:55:06","guid":{"rendered":"https:\/\/rrcinema.com\/es\/?page_id=369"},"modified":"2020-10-16T17:19:18","modified_gmt":"2020-10-16T17:19:18","slug":"purgatorio","status":"publish","type":"page","link":"https:\/\/rrcinema.com\/es\/purgatorio\/","title":{"rendered":"Purgatorio"},"content":{"rendered":"<p>[et_pb_section fb_built=\u00bb1&#8243; _builder_version=\u00bb4.1&#8243; custom_margin=\u00bb0px||||false|false\u00bb custom_padding=\u00bb0px||||false|false\u00bb][et_pb_row _builder_version=\u00bb4.1&#8243;][et_pb_column type=\u00bb4_4&#8243; _builder_version=\u00bb4.1&#8243;][et_pb_video src=\u00bbhttps:\/\/vimeo.com\/73270818&#8243; _builder_version=\u00bb4.1&#8243; animation_style=\u00bbslide\u00bb animation_direction=\u00bbbottom\u00bb][\/et_pb_video][\/et_pb_column][\/et_pb_row][et_pb_row _builder_version=\u00bb4.1&#8243; custom_padding=\u00bb10px|||30px|false|false\u00bb border_width_left=\u00bb5px\u00bb][et_pb_column type=\u00bb4_4&#8243; _builder_version=\u00bb4.1&#8243;][et_pb_code _builder_version=\u00bb4.1&#8243;]<\/p>\n<style><!-- [et_pb_line_break_holder] -->  .circle{<!-- [et_pb_line_break_holder] -->background: #000;<!-- [et_pb_line_break_holder] -->  width: 15px;<!-- [et_pb_line_break_holder] -->  height: 15px;<!-- [et_pb_line_break_holder] -->  border-radius: 50%;<!-- [et_pb_line_break_holder] -->  position: absolute;<!-- [et_pb_line_break_holder] -->  top: -20px;<!-- [et_pb_line_break_holder] -->  left: -40px;<!-- [et_pb_line_break_holder] -->}<!-- [et_pb_line_break_holder] --><\/style>\n<p><!-- [et_pb_line_break_holder] --><!-- [et_pb_line_break_holder] --><\/p>\n<div class=\"circle\"><!-- [et_pb_line_break_holder] -->  <!-- [et_pb_line_break_holder] --><\/div>\n<p>[\/et_pb_code][et_pb_text _builder_version=\u00bb4.1&#8243; text_font=\u00bbRoboto||||||||\u00bb text_font_size=\u00bb30px\u00bb animation_style=\u00bbslide\u00bb text_line_height_tablet=\u00bb30px\u00bb text_line_height_phone=\u00bb30px\u00bb text_line_height_last_edited=\u00bbon|phone\u00bb]<\/p>\n<p><strong>Purgatorio: A Journey Into the Heart of the Border<\/strong><\/p>\n<p>[\/et_pb_text][et_pb_text content_tablet=\u00bb<\/p>\n<p>El provocador filme ensay\u00edstico de Reyes re- imagina la frontera entre M\u00e9xico y los Estados Unidos como un lugar m\u00edtico comparable al purgatorio de Dante, y dejando a un lado las posturas pol\u00edticas, ofrece una nueva perspectiva a la belleza brutal de la frontera y a la gente atrapada en su hechizo.<\/p>\n<p>Al retratar un impresionante mosaico de personajes conmovedores y paisajes rotos que habitan en ambos lados de en la frontera, el cineasta reflexiona sobre los defectos de la naturaleza humana y lo tremendamente absurdo que es el mundo moderno. Una pel\u00edcula inusual sobre la frontera, hecha dentro de la tradici\u00f3n autoral de la c\u00e1mera-stylo, Purgatorio es ante todo una f\u00e1bula humanista, una experiencia \u00e9pica y visceral con poderosas im\u00e1genes.<\/p>\n<p>*<strong> Mejor Pel\u00edcula Latina en EEUU, Cinema Tropical Awards<\/strong><br \/> *<strong> Premio Michael Moore al Mejor Documental<\/strong><br \/> *<strong> Mejor Documental, San Diego Latino Festival<\/strong><br \/> *<strong> Mejor Documental, New Orleans Film Festival<\/strong><br \/> *<strong> Premiere de Temporada, America ReFramed<\/strong><\/p>\n<p>Con el apoyo de: IFP Documentary Lab, NALIP, Instituto Mexicano de Cinematograf\u00eda (IMCINE)<\/p>\n<p>2013, 80 mins, 16:9<\/p>\n<p><strong>Productor:<\/strong> Inti Cordera<br \/> <strong>Productor Ejecutivo:<\/strong> Hugo Perez<br \/> <strong>Director de Fotograf\u00eda:<\/strong> Justin Chin<br \/> <strong>Editor:<\/strong> Manuel Tsingaris<br \/> <strong>M\u00fasica:<\/strong> Rodrigo Cordera<\/p>\n<p><strong><a class=%22link_cinema%22 data-et-target-link=%22_blank%22 href=%22https:\/\/www.nytimes.com\/2014\/10\/03\/movies\/purgatorio-explores-the-united-states-mexico-barrier.html%22 rel=%22noopener noreferrer%22>New York Times<\/a><\/strong><\/p>\n<p><strong><a class=%22link_cinema%22 data-et-target-link=%22_blank%22 href=%22https:\/\/variety.com\/2013\/film\/reviews\/film-review-purgatorio-1200497360\/%22 rel=%22noopener noreferrer%22>Variety<\/a><\/strong><\/p>\n<p><strong><a class=%22link_cinema%22 data-et-target-link=%22_blank%22 href=%22https:\/\/vimeo.com\/70606479%22 rel=%22noopener noreferrer%22>No Film School<\/a><\/strong><\/p>\n<p><strong><a class=%22link_cinema%22 data-et-target-link=%22_blank%22 href=%22https:\/\/www.pri.org\/stories\/2014-10-09\/new-documentary-blurs-lines-map-make-point-about-borders%22 rel=%22noopener noreferrer%22>PRI<\/a><\/strong><\/p>\n<p><strong><a class=%22link_cinema%22 data-et-target-link=%22_blank%22 href=%22https:\/\/filmmakermagazine.com\/76045-25-new-face-rodrigo-reyes-on-purgatorio-trailer-premiere\/#.X1hCR2dKiHE%22 rel=%22noopener noreferrer%22>Filmmaker Magazine<\/a><\/strong><\/p>\n<p>Sigue la pel\u00edcula en <strong><a href=%22#%22>Twitter<\/a><\/strong>,<strong><a href=%22#%22> Facebook<\/a><\/strong> and <a href=%22#%22><strong>Instagram<\/strong><\/a><\/p>\n<p>Disponible en <strong><a data-et-target-link=%22_blank%22 href=%22https:\/\/gooddocs.net\/pages\/good-talk-rodrigo-reyes%22 rel=%22noopener noreferrer%22>Good Docs<\/a><\/strong> &#038; <strong><a data-et-target-link=%22_blank%22 href=%22https:\/\/www.kinolorber.com\/film\/view\/id\/1911%22 rel=%22noopener noreferrer%22>Kino Lorber<\/a><\/strong> &#038; <strong><a data-et-target-link=%22_blank%22 href=%22https:\/\/www.filminlatino.mx\/pelicula\/purgatorio-un-viaje-al-corazon-de-la-frontera%22 rel=%22noopener noreferrer%22>Filmin Latino (M\u00e9xico)<\/a><\/strong><\/p>\n<p>\u00bb content_phone=\u00bb<\/p>\n<p>El provocador filme ensay\u00edstico de Reyes re- imagina la frontera entre M\u00e9xico y los Estados Unidos como un lugar m\u00edtico comparable al purgatorio de Dante, y dejando a un lado las posturas pol\u00edticas, ofrece una nueva perspectiva a la belleza brutal de la frontera y a la gente atrapada en su hechizo.<\/p>\n<p>Al retratar un impresionante mosaico de personajes conmovedores y paisajes rotos que habitan en ambos lados de en la frontera, el cineasta reflexiona sobre los defectos de la naturaleza humana y lo tremendamente absurdo que es el mundo moderno. Una pel\u00edcula inusual sobre la frontera, hecha dentro de la tradici\u00f3n autoral de la c\u00e1mera-stylo, Purgatorio es ante todo una f\u00e1bula humanista, una experiencia \u00e9pica y visceral con poderosas im\u00e1genes.<\/p>\n<p>*<strong> Mejor Pel\u00edcula Latina en EEUU, Cinema Tropical Awards<\/strong><br \/> *<strong> Premio Michael Moore al Mejor Documental<\/strong><br \/> *<strong> Mejor Documental, San Diego Latino Festival<\/strong><br \/> *<strong> Mejor Documental, New Orleans Film Festival<\/strong><br \/> *<strong> Premiere de Temporada, America ReFramed<\/strong><\/p>\n<p>Con el apoyo de: IFP Documentary Lab, NALIP, Instituto Mexicano de Cinematograf\u00eda (IMCINE)<\/p>\n<p>2013, 80 mins, 16:9<\/p>\n<p><strong>Productor:<\/strong> Inti Cordera<br \/> <strong>Productor Ejecutivo:<\/strong> Hugo Perez<br \/> <strong>Director de Fotograf\u00eda:<\/strong> Justin Chin<br \/> <strong>Editor:<\/strong> Manuel Tsingaris<br \/> <strong>M\u00fasica:<\/strong> Rodrigo Cordera<\/p>\n<p><strong><a class=%22link_cinema%22 data-et-target-link=%22_blank%22 href=%22https:\/\/www.nytimes.com\/2014\/10\/03\/movies\/purgatorio-explores-the-united-states-mexico-barrier.html%22 rel=%22noopener noreferrer%22>New York Times<\/a><\/strong><\/p>\n<p><strong><a class=%22link_cinema%22 data-et-target-link=%22_blank%22 href=%22https:\/\/variety.com\/2013\/film\/reviews\/film-review-purgatorio-1200497360\/%22 rel=%22noopener noreferrer%22>Variety<\/a><\/strong><\/p>\n<p><strong><a class=%22link_cinema%22 data-et-target-link=%22_blank%22 href=%22https:\/\/vimeo.com\/70606479%22 rel=%22noopener noreferrer%22>No Film School<\/a><\/strong><\/p>\n<p><strong><a class=%22link_cinema%22 data-et-target-link=%22_blank%22 href=%22https:\/\/www.pri.org\/stories\/2014-10-09\/new-documentary-blurs-lines-map-make-point-about-borders%22 rel=%22noopener noreferrer%22>PRI<\/a><\/strong><\/p>\n<p><strong><a class=%22link_cinema%22 data-et-target-link=%22_blank%22 href=%22https:\/\/filmmakermagazine.com\/76045-25-new-face-rodrigo-reyes-on-purgatorio-trailer-premiere\/#.X1hCR2dKiHE%22 rel=%22noopener noreferrer%22>Filmmaker Magazine<\/a><\/strong><\/p>\n<p>Sigue la pel\u00edcula en <strong><a href=%22#%22>Twitter<\/a><\/strong>,<strong><a href=%22#%22> Facebook<\/a><\/strong> and <a href=%22#%22><strong>Instagram<\/strong><\/a><\/p>\n<p>Disponible en <strong><a data-et-target-link=%22_blank%22 href=%22https:\/\/gooddocs.net\/pages\/good-talk-rodrigo-reyes%22 rel=%22noopener noreferrer%22>Good Docs<\/a><\/strong> &#038; <strong><a data-et-target-link=%22_blank%22 href=%22https:\/\/www.kinolorber.com\/film\/view\/id\/1911%22 rel=%22noopener noreferrer%22>Kino Lorber<\/a><\/strong> &#038; <strong><a data-et-target-link=%22_blank%22 href=%22https:\/\/www.filminlatino.mx\/pelicula\/purgatorio-un-viaje-al-corazon-de-la-frontera%22 rel=%22noopener noreferrer%22>Filmin Latino (M\u00e9xico)<\/a><\/strong><\/p>\n<p>\u00bb content_last_edited=\u00bbon|tablet\u00bb _builder_version=\u00bb4.1&#8243; text_font=\u00bbRoboto|300|||||||\u00bb text_font_size=\u00bb18px\u00bb link_font=\u00bbRoboto||||||||\u00bb link_text_color=\u00bb#666666&#8243; animation_style=\u00bbslide\u00bb animation_direction=\u00bbright\u00bb]<\/p>\n<p>El provocador filme ensay\u00edstico de Reyes re- imagina la frontera entre M\u00e9xico y los Estados Unidos como un lugar m\u00edtico comparable al purgatorio de Dante, y dejando a un lado las posturas pol\u00edticas, ofrece una nueva perspectiva a la belleza brutal de la frontera y a la gente atrapada en su hechizo.<\/p>\n<p>Al retratar un impresionante mosaico de personajes conmovedores y paisajes rotos que habitan en ambos lados de en la frontera, el cineasta reflexiona sobre los defectos de la naturaleza humana y lo tremendamente absurdo que es el mundo moderno. Una pel\u00edcula inusual sobre la frontera, hecha dentro de la tradici\u00f3n autoral de la c\u00e1mera-stylo, Purgatorio es ante todo una f\u00e1bula humanista, una experiencia \u00e9pica y visceral con poderosas im\u00e1genes.<\/p>\n<p>*<strong> Mejor Pel\u00edcula Latina en EEUU, Cinema Tropical Awards<\/strong><br \/> *<strong> Premio Michael Moore al Mejor Documental<\/strong><br \/> *<strong> Mejor Documental, San Diego Latino Festival<\/strong><br \/> *<strong> Mejor Documental, New Orleans Film Festival<\/strong><br \/> *<strong> Premiere de Temporada, America ReFramed<\/strong><\/p>\n<p>Con el apoyo de: IFP Documentary Lab, NALIP, Instituto Mexicano de Cinematograf\u00eda (IMCINE)<\/p>\n<p>2013, 80 mins, 16:9<\/p>\n<p><strong>Productor:<\/strong> Inti Cordera<br \/> <strong>Productor Ejecutivo:<\/strong> Hugo Perez<br \/> <strong>Director de Fotograf\u00eda:<\/strong> Justin Chin<br \/> <strong>Editor:<\/strong> Manuel Tsingaris<br \/> <strong>M\u00fasica:<\/strong> Rodrigo Cordera<\/p>\n<p><strong><a class=\"link_cinema\" target=\"_blank\" href=\"https:\/\/www.nytimes.com\/2014\/10\/03\/movies\/purgatorio-explores-the-united-states-mexico-barrier.html\" rel=\"noopener noreferrer\">New York Times<\/a><\/strong><\/p>\n<p><strong><a class=\"link_cinema\" target=\"_blank\" href=\"https:\/\/variety.com\/2013\/film\/reviews\/film-review-purgatorio-1200497360\/\" rel=\"noopener noreferrer\">Variety<\/a><\/strong><\/p>\n<p><strong><a class=\"link_cinema\" target=\"_blank\" href=\"https:\/\/vimeo.com\/70606479\" rel=\"noopener noreferrer\">No Film School<\/a><\/strong><\/p>\n<p><strong><a class=\"link_cinema\" target=\"_blank\" href=\"https:\/\/www.pri.org\/stories\/2014-10-09\/new-documentary-blurs-lines-map-make-point-about-borders\" rel=\"noopener noreferrer\">PRI<\/a><\/strong><\/p>\n<p><strong><a class=\"link_cinema\" target=\"_blank\" href=\"https:\/\/filmmakermagazine.com\/76045-25-new-face-rodrigo-reyes-on-purgatorio-trailer-premiere\/#.X1hCR2dKiHE\" rel=\"noopener noreferrer\">Filmmaker Magazine<\/a><\/strong><\/p>\n<p>Sigue la pel\u00edcula en <strong><a href=\"#\">Twitter<\/a><\/strong>,<strong><a href=\"#\"> Facebook<\/a><\/strong> and <a href=\"#\"><strong>Instagram<\/strong><\/a><\/p>\n<p>Disponible en <strong><a class=\"link_cinema\" target=\"_blank\" href=\"https:\/\/gooddocs.net\/pages\/good-talk-rodrigo-reyes\" rel=\"noopener noreferrer\">Good Docs<\/a><\/strong> &amp; <strong><a class=\"link_cinema\" target=\"_blank\" href=\"https:\/\/www.kinolorber.com\/film\/view\/id\/1911\" rel=\"noopener noreferrer\">Kino Lorber<\/a><\/strong> &amp; <strong><a class=\"link_cinema\" target=\"_blank\" href=\"https:\/\/www.filminlatino.mx\/pelicula\/purgatorio-un-viaje-al-corazon-de-la-frontera\" rel=\"noopener noreferrer\">Filmin Latino (M\u00e9xico)<\/a><\/strong><\/p>\n<p>[\/et_pb_text][\/et_pb_column][\/et_pb_row][\/et_pb_section][et_pb_section fb_built=\u00bb1&#8243; _builder_version=\u00bb4.1&#8243; background_color=\u00bb#000000&#8243; width=\u00bb90%\u00bb module_alignment=\u00bbcenter\u00bb custom_padding=\u00bb0px||0px||true|false\u00bb][et_pb_row _builder_version=\u00bb4.1&#8243;][et_pb_column type=\u00bb4_4&#8243; _builder_version=\u00bb4.1&#8243;][et_pb_gallery gallery_ids=\u00bb379,380,378&#8243; posts_number=\u00bb6&#8243; show_title_and_caption=\u00bboff\u00bb show_pagination=\u00bboff\u00bb zoom_icon_color=\u00bb#ffffff\u00bb hover_overlay_color=\u00bbrgba(0,0,0,0.32)\u00bb _builder_version=\u00bb4.1&#8243; text_orientation=\u00bbcenter\u00bb animation_style=\u00bbslide\u00bb animation_direction=\u00bbleft\u00bb custom_css_gallery_item=\u00bbmargin: 0 !important;||width: 33.33% !important;||clear: none !important;\u00bb custom_css_gallery_item_last_edited=\u00bbon|phone\u00bb custom_css_gallery_item_phone=\u00bbwidth: 100% !important;||\u00bb][\/et_pb_gallery][\/et_pb_column][\/et_pb_row][\/et_pb_section][et_pb_section fb_built=\u00bb1&#8243; _builder_version=\u00bb4.1&#8243; custom_margin=\u00bb0px||-8px||false|false\u00bb custom_padding=\u00bb0px||0px||false|false\u00bb locked=\u00bboff\u00bb][et_pb_row _builder_version=\u00bb4.1&#8243; custom_margin=\u00bb0px||0px||false|false\u00bb custom_padding=\u00bb0px||0px||false|false\u00bb][et_pb_column type=\u00bb4_4&#8243; _builder_version=\u00bb4.1&#8243;][et_pb_code _builder_version=\u00bb4.1&#8243; custom_margin=\u00bb0px||0px||false|false\u00bb custom_padding=\u00bb0px||0px||false|false\u00bb hover_enabled=\u00bb0&#8243; locked=\u00bboff\u00bb]<\/p>\n<style><!-- [et_pb_line_break_holder] -->  .icons-footer-page{<!-- [et_pb_line_break_holder] -->\t\twidth: 100%;<!-- [et_pb_line_break_holder] -->\t\ttext-align: right;<!-- [et_pb_line_break_holder] -->\t\tmargin-right: 50px;<!-- [et_pb_line_break_holder] -->    position: fixed;<!-- [et_pb_line_break_holder] -->    bottom: 9px;<!-- [et_pb_line_break_holder] -->    right: -5px;<!-- [et_pb_line_break_holder] -->\t}\t<!-- [et_pb_line_break_holder] -->\t.icons-f{<!-- [et_pb_line_break_holder] -->\t\twidth: 24px;<!-- [et_pb_line_break_holder] -->\t\theight: 23px;<!-- [et_pb_line_break_holder] -->\t\tbackground: #000;<!-- [et_pb_line_break_holder] -->\t\tborder-radius: 50%;<!-- [et_pb_line_break_holder] -->\t\tdisplay: inline-block;<!-- [et_pb_line_break_holder] -->\t\tmargin-left: 4px;<!-- [et_pb_line_break_holder] -->\t}<!-- [et_pb_line_break_holder] -->  <!-- [et_pb_line_break_holder] -->  .icons-f:hover > p{<!-- [et_pb_line_break_holder] -->    background: #fff;<!-- [et_pb_line_break_holder] -->    color: #000;<!-- [et_pb_line_break_holder] -->  }<!-- [et_pb_line_break_holder] --><!-- [et_pb_line_break_holder] -->\t.icons-f p{<!-- [et_pb_line_break_holder] -->    font-family: 'Roboto',Helvetica,Arial,Lucida,sans-serif!important;<!-- [et_pb_line_break_holder] -->\t\tcolor: #fff;<!-- [et_pb_line_break_holder] -->\t\ttext-align: center;<!-- [et_pb_line_break_holder] -->\t\tfont-size: 11px;<!-- [et_pb_line_break_holder] -->\t\tmargin: 0px;<!-- [et_pb_line_break_holder] -->    border-radius: 50%;<!-- [et_pb_line_break_holder] -->    transition: 0.5s;<!-- [et_pb_line_break_holder] -->\t}<!-- [et_pb_line_break_holder] -->  <!-- [et_pb_line_break_holder] -->  .icons-f p i{<!-- [et_pb_line_break_holder] -->    font-size: 12px;<!-- [et_pb_line_break_holder] -->    }<!-- [et_pb_line_break_holder] -->  <!-- [et_pb_line_break_holder] --> \/* @media (max-width: 1200px) {<!-- [et_pb_line_break_holder] -->    .icons-footer-page{<!-- [et_pb_line_break_holder] -->        right: -40px;<!-- [et_pb_line_break_holder] -->    } <!-- [et_pb_line_break_holder] -->  }*\/<!-- [et_pb_line_break_holder] -->  <!-- [et_pb_line_break_holder] -->   @media (max-width: 500px) {<!-- [et_pb_line_break_holder] -->    .icons-footer-page{<!-- [et_pb_line_break_holder] -->    \tright: -40px;<!-- [et_pb_line_break_holder] -->    } <!-- [et_pb_line_break_holder] -->  }<!-- [et_pb_line_break_holder] --><!-- [et_pb_line_break_holder] -->\t\/*.line{<!-- [et_pb_line_break_holder] -->\t\tborder: solid 1px red;<!-- [et_pb_line_break_holder] -->\t\tdisplay: inline-block;<!-- [et_pb_line_break_holder] -->\t\theight: 25px;<!-- [et_pb_line_break_holder] -->\t\tmargin-left: 5px;<!-- [et_pb_line_break_holder] --><!-- [et_pb_line_break_holder] -->\t}<!-- [et_pb_line_break_holder] --><!-- [et_pb_line_break_holder] -->\t.line p{<!-- [et_pb_line_break_holder] -->\t\tcolor: #fff;<!-- [et_pb_line_break_holder] -->\t\ttext-align: center;<!-- [et_pb_line_break_holder] -->\t\tfont-size: 11px;<!-- [et_pb_line_break_holder] -->\t\tmargin: 0px;<!-- [et_pb_line_break_holder] -->\t\tpadding-top: 5px;<!-- [et_pb_line_break_holder] --><!-- [et_pb_line_break_holder] -->\t}*\/<!-- [et_pb_line_break_holder] --><\/style>\n<p>\t<!-- [et_pb_line_break_holder] --><\/p>\n<div class=\"icons-footer-page\"><!-- [et_pb_line_break_holder] -->\t<a href=\"https:\/\/rrcinema.com\/purgatorio\/\" class=\"icons-f\"><!-- [et_pb_line_break_holder] -->\t\t\t<\/p>\n<p>EN<\/p>\n<p><!-- [et_pb_line_break_holder] -->\t\t<\/a><!-- [et_pb_line_break_holder] -->\t\t<a href=\"https:\/\/rrcinema.com\/es\/purgatorio\/\" class=\"icons-f\"><!-- [et_pb_line_break_holder] -->\t\t\t<\/p>\n<p>ES<\/p>\n<p><!-- [et_pb_line_break_holder] -->\t\t<\/a><!-- [et_pb_line_break_holder] -->\t\t<!--\n\n<div class=\"line\"><!-- [et_pb_line_break_holder] -->\t\t\t<\/p>\n<p><!-- [et_pb_line_break_holder] -->\t\t<\/div>\n<p>&#8211;><!-- [et_pb_line_break_holder] -->\t\t<a target=\"_blank\" href=\"https:\/\/www.instagram.com\/rr_cinema\/\" class=\"icons-f\" rel=\"noopener noreferrer\"><!-- [et_pb_line_break_holder] -->\t\t\t\t\t<\/p>\n<p><i class=\"fa fa-instagram\"><\/i><\/p>\n<p><!-- [et_pb_line_break_holder] -->\t\t\t\t<\/a><!-- [et_pb_line_break_holder] -->\t\t\t\t<a target=\"_blank\" href=\"https:\/\/www.facebook.com\/mrrodrigoreyes\" class=\"icons-f\" rel=\"noopener noreferrer\"><!-- [et_pb_line_break_holder] -->\t\t\t\t\t<\/p>\n<p><i class=\"fa fa-facebook\"><\/i><\/p>\n<p><!-- [et_pb_line_break_holder] -->\t\t\t\t<\/a><!-- [et_pb_line_break_holder] -->\t<\/div>\n<p><!-- [et_pb_line_break_holder] -->[\/et_pb_code][\/et_pb_column][\/et_pb_row][\/et_pb_section]<\/p>\n","protected":false},"excerpt":{"rendered":"<p>[et_pb_section fb_built=\u00bb1&#8243; _builder_version=\u00bb4.1&#8243; custom_margin=\u00bb0px||||false|false\u00bb custom_padding=\u00bb0px||||false|false\u00bb][et_pb_row _builder_version=\u00bb4.1&#8243;][et_pb_column type=\u00bb4_4&#8243; _builder_version=\u00bb4.1&#8243;][et_pb_video src=\u00bbhttps:\/\/vimeo.com\/73270818&#8243; _builder_version=\u00bb4.1&#8243; animation_style=\u00bbslide\u00bb animation_direction=\u00bbbottom\u00bb][\/et_pb_video][\/et_pb_column][\/et_pb_row][et_pb_row _builder_version=\u00bb4.1&#8243; custom_padding=\u00bb10px|||30px|false|false\u00bb border_width_left=\u00bb5px\u00bb][et_pb_column type=\u00bb4_4&#8243; _builder_version=\u00bb4.1&#8243;][et_pb_code _builder_version=\u00bb4.1&#8243;] [\/et_pb_code][et_pb_text _builder_version=\u00bb4.1&#8243; text_font=\u00bbRoboto||||||||\u00bb text_font_size=\u00bb30px\u00bb animation_style=\u00bbslide\u00bb text_line_height_tablet=\u00bb30px\u00bb text_line_height_phone=\u00bb30px\u00bb text_line_height_last_edited=\u00bbon|phone\u00bb] Purgatorio: A Journey Into the Heart of the Border [\/et_pb_text][et_pb_text content_tablet=\u00bb El provocador filme ensay\u00edstico de Reyes re- imagina la frontera entre M\u00e9xico y los Estados Unidos como un [&hellip;]<\/p>\n","protected":false},"author":1,"featured_media":0,"parent":0,"menu_order":0,"comment_status":"closed","ping_status":"closed","template":"","meta":{"_et_pb_use_builder":"on","_et_pb_old_content":"","_et_gb_content_width":""},"_links":{"self":[{"href":"https:\/\/rrcinema.com\/es\/wp-json\/wp\/v2\/pages\/369"}],"collection":[{"href":"https:\/\/rrcinema.com\/es\/wp-json\/wp\/v2\/pages"}],"about":[{"href":"https:\/\/rrcinema.com\/es\/wp-json\/wp\/v2\/types\/page"}],"author":[{"embeddable":true,"href":"https:\/\/rrcinema.com\/es\/wp-json\/wp\/v2\/users\/1"}],"replies":[{"embeddable":true,"href":"https:\/\/rrcinema.com\/es\/wp-json\/wp\/v2\/comments?post=369"}],"version-history":[{"count":17,"href":"https:\/\/rrcinema.com\/es\/wp-json\/wp\/v2\/pages\/369\/revisions"}],"predecessor-version":[{"id":968,"href":"https:\/\/rrcinema.com\/es\/wp-json\/wp\/v2\/pages\/369\/revisions\/968"}],"wp:attachment":[{"href":"https:\/\/rrcinema.com\/es\/wp-json\/wp\/v2\/media?parent=369"}],"curies":[{"name":"wp","href":"https:\/\/api.w.org\/{rel}","templated":true}]}}