{"id":9,"date":"2020-09-30T21:47:17","date_gmt":"2020-09-30T21:47:17","guid":{"rendered":"https:\/\/rrcinema.com\/es\/?page_id=9"},"modified":"2020-10-15T22:07:07","modified_gmt":"2020-10-15T22:07:07","slug":"inicio","status":"publish","type":"page","link":"https:\/\/rrcinema.com\/es\/","title":{"rendered":"Inicio"},"content":{"rendered":"<p>[et_pb_section fb_built=\u00bb1&#8243; _builder_version=\u00bb4.1&#8243; background_color=\u00bb#969696&#8243; custom_margin=\u00bb-90px||||false|false\u00bb custom_padding=\u00bb0px||0px||false|false\u00bb][et_pb_row _builder_version=\u00bb4.1&#8243; width=\u00bb100%\u00bb max_width=\u00bb100%\u00bb custom_margin=\u00bb10px||0px||false|false\u00bb custom_padding=\u00bb0px||0px||false|false\u00bb][et_pb_column type=\u00bb4_4&#8243; _builder_version=\u00bb4.1&#8243;][et_pb_slider module_id=\u00bbtexto-slider\u00bb _builder_version=\u00bb4.1&#8243; body_font=\u00bbRoboto|300|||||||\u00bb custom_button=\u00bbon\u00bb button_text_size=\u00bb35px\u00bb button_text_color=\u00bb#ffffff\u00bb button_font=\u00bbRoboto|300|||||||\u00bb button_on_hover=\u00bboff\u00bb button_alignment=\u00bbleft\u00bb button_custom_margin=\u00bb||||false|false\u00bb custom_padding=\u00bb50vh||50vh||false|false\u00bb][et_pb_slide button_text=\u00bb Ver m\u00e1s\u00bb button_link=\u00bbhttps:\/\/rrcinema.com\/es\/films-499\/\u00bb _builder_version=\u00bb4.1&#8243; body_font=\u00bb|300|||||||\u00bb background_color=\u00bbrgba(0,0,0,0)\u00bb background_enable_color=\u00bbon\u00bb background_image=\u00bbhttps:\/\/rrcinema.com\/es\/wp-content\/uploads\/2020\/10\/1-499.jpg\u00bb background_enable_image=\u00bbon\u00bb custom_button=\u00bbon\u00bb button_text_size=\u00bb15px\u00bb button_border_width=\u00bb0px\u00bb custom_css_main_element=\u00bb||\u00bb]<\/p>\n<p class=\"film-499\">En el 500 aniversario de la conquista espa\u00f1ola, un conquistador fantasmal lleg\u00f3 al M\u00e9xico moderno, encontrando los testimonios de personas reales, los sobrevivientes de la violencia contempor\u00e1nea.<\/p>\n<p>[\/et_pb_slide][et_pb_slide button_text=\u00bbVer m\u00e1s\u00bb button_link=\u00bbhttps:\/\/rrcinema.com\/es\/films-lupe-under-the-sun\/\u00bb _builder_version=\u00bb4.1&#8243; body_font=\u00bb|300|||||||\u00bb background_color=\u00bbrgba(0,0,0,0)\u00bb background_enable_color=\u00bbon\u00bb background_image=\u00bbhttps:\/\/rrcinema.com\/es\/wp-content\/uploads\/2020\/10\/3-lupe.jpg\u00bb background_enable_image=\u00bbon\u00bb custom_button=\u00bbon\u00bb button_text_size=\u00bb15px\u00bb button_border_width=\u00bb0px\u00bb custom_css_main_element=\u00bb||\u00bb]<\/p>\n<p class=\"film-lupe\">Lupe bajo el sol es una pel\u00edcula dram\u00e1tica \u00fanica en su tipo que utiliza a no actores, verdaderos trabajadores del marco que viven en el coraz\u00f3n de California, para contarle a un drama conmovedor sobre un anciano recolector de duraznos que quiere volver a su casa en M\u00e9xico. antes de morir.<\/p>\n<p>[\/et_pb_slide][et_pb_slide button_text=\u00bbVer m\u00e1s\u00bb button_link=\u00bbhttps:\/\/rrcinema.com\/es\/purgatorio\/\u00bb _builder_version=\u00bb4.1&#8243; background_color=\u00bbrgba(0,0,0,0)\u00bb background_enable_color=\u00bbon\u00bb background_image=\u00bbhttps:\/\/rrcinema.com\/es\/wp-content\/uploads\/2020\/10\/2-Purgatorio.jpg\u00bb background_enable_image=\u00bbon\u00bb custom_button=\u00bbon\u00bb button_text_size=\u00bb15px\u00bb button_text_color=\u00bb#ffffff\u00bb button_border_width=\u00bb0px\u00bb button_border_color=\u00bbrgba(0,0,0,0)\u00bb button_font=\u00bbRoboto||||||||\u00bb]<\/p>\n<p class=\"film-purga\">Este documental explora el paisaje f\u00edsico de la frontera entre M\u00e9xico y Estados Unidos. Los realizadores tambi\u00e9n perfilan a personas para quienes la frontera en s\u00ed misma es un obst\u00e1culo y un hogar.<\/p>\n<p>[\/et_pb_slide][et_pb_slide button_text=\u00bbVer m\u00e1s\u00bb button_link=\u00bbhttps:\/\/rrcinema.com\/es\/memories-of-the-future\/\u00bb _builder_version=\u00bb4.1&#8243; background_color=\u00bbrgba(0,0,0,0)\u00bb background_enable_color=\u00bbon\u00bb background_image=\u00bbhttps:\/\/rrcinema.com\/es\/wp-content\/uploads\/2020\/10\/4-memories.jpg\u00bb background_enable_image=\u00bbon\u00bb custom_button=\u00bbon\u00bb button_text_size=\u00bb15px\u00bb button_border_width=\u00bb0px\u00bb button_border_color=\u00bbrgba(0,0,0,0)\u00bb button_font=\u00bbRoboto||||||||\u00bb]<\/p>\n<p class=\"film-memorie\">Una mujer escribe cartas de amor cada vez m\u00e1s apasionadas sin respuesta. Su pasi\u00f3n y frustraci\u00f3n est\u00e1n entrelazadas con una sensaci\u00f3n de fatalidad inminente, una visi\u00f3n del apocalipsis mexicano que se avecina. Una sola tragedia personal refleja la lucha de todo un pa\u00eds que intenta, en medio de un caos creciente, encontrarse a s\u00ed mismo.<\/p>\n<p>[\/et_pb_slide][et_pb_slide button_text=\u00bbVer m\u00e1s\u00bb button_link=\u00bbhttps:\/\/rrcinema.com\/es\/after-the-raid\/\u00bb _builder_version=\u00bb4.1&#8243; background_color=\u00bbrgba(0,0,0,0)\u00bb background_enable_color=\u00bbon\u00bb background_image=\u00bbhttps:\/\/rrcinema.com\/es\/wp-content\/uploads\/2020\/10\/5-after.jpg\u00bb background_enable_image=\u00bbon\u00bb custom_button=\u00bbon\u00bb button_text_size=\u00bb15px\u00bb button_border_width=\u00bb0px\u00bb button_border_color=\u00bbrgba(0,0,0,0)\u00bb]<\/p>\n<p class=\"film-after\">Un cortometraje comisionado por Netflix, cuenta las repercusiones de una redada migratoria gigantesca que se llev\u00f3 a cabo en un pueblo peque\u00f1o y conservador del este de Tennessee. \u00bfQu\u00e9 ocurre cuando la ret\u00f3rica se torna realidad, y una comunidad se ve obligada a confrontar los valores que predica el evangelio?<\/p>\n<p>[\/et_pb_slide][et_pb_slide button_text=\u00bbVer m\u00e1s\u00bb button_link=\u00bbhttps:\/\/rrcinema.com\/es\/abuelos\/\u00bb _builder_version=\u00bb4.1&#8243; background_color=\u00bbrgba(0,0,0,0)\u00bb background_enable_color=\u00bbon\u00bb background_image=\u00bbhttps:\/\/rrcinema.com\/es\/wp-content\/uploads\/2020\/10\/6-abuelos.jpg\u00bb background_enable_image=\u00bbon\u00bb custom_button=\u00bbon\u00bb button_text_size=\u00bb15px\u00bb button_border_width=\u00bb0px\u00bb button_border_color=\u00bbrgba(0,0,0,0)\u00bb]<\/p>\n<p class=\"film-abuelos\">Separados por a\u00f1os de pol\u00edticas migratorias, una joven sue\u00f1a con conocer a su abuela por primera vez. Gracias a la cooperaci\u00f3n binacional de los gobiernos en ambos lados de la frontera M\u00e9xico-EEUU, la abuela se embarca en una odisea ins\u00f3lita para reunificarse con sus seres queridos que viven indocumentados.<\/p>\n<p>[\/et_pb_slide][et_pb_slide button_text=\u00bbVer m\u00e1s\u00bb button_link=\u00bbhttps:\/\/rrcinema.com\/es\/an-untitled-rodrigo-reyes-film\/\u00bb _builder_version=\u00bb4.1&#8243; background_color=\u00bbrgba(0,0,0,0)\u00bb background_enable_color=\u00bbon\u00bb background_image=\u00bbhttps:\/\/rrcinema.com\/es\/wp-content\/uploads\/2020\/10\/7-new.jpg\u00bb background_enable_image=\u00bbon\u00bb custom_button=\u00bbon\u00bb button_text_size=\u00bb15px\u00bb button_border_width=\u00bb0px\u00bb button_border_color=\u00bbrgba(0,0,0,0)\u00bb button_font=\u00bbRoboto|300|||||||\u00bb]<\/p>\n<p class=\"film-new\">La historia de una amistad inusual entre dos migrantes mexicanos, a partir de una propuesta h\u00edbrida, esta pel\u00edcula borra la l\u00ednea entre el documental y la ficci\u00f3n para retratar el proceso narrativo de la memoria. Un proyecto que a trav\u00e9s de im\u00e1genes hermosas y un coraz\u00f3n abierto retrata los fracasos sociales que atrapan a los j\u00f3venes migrantes de color.<\/p>\n<p>[\/et_pb_slide][\/et_pb_slider][\/et_pb_column][\/et_pb_row][\/et_pb_section][et_pb_section fb_built=\u00bb1&#8243; _builder_version=\u00bb4.1&#8243; custom_margin=\u00bb0px||-8px||false|false\u00bb custom_padding=\u00bb0px||0px||false|false\u00bb][et_pb_row _builder_version=\u00bb4.1&#8243; custom_margin=\u00bb0px||0px||false|false\u00bb custom_padding=\u00bb0px||0px||false|false\u00bb][et_pb_column type=\u00bb4_4&#8243; _builder_version=\u00bb4.1&#8243;][et_pb_code _builder_version=\u00bb4.1&#8243; custom_margin=\u00bb0px||0px||false|false\u00bb custom_padding=\u00bb0px||0px||false|false\u00bb hover_enabled=\u00bb0&#8243; locked=\u00bboff\u00bb]<\/p>\n<style><!-- [et_pb_line_break_holder] -->  .icons-footer-page{<!-- [et_pb_line_break_holder] -->\t\twidth: 100%;<!-- [et_pb_line_break_holder] -->\t\ttext-align: right;<!-- [et_pb_line_break_holder] -->\t\tmargin-right: 50px;<!-- [et_pb_line_break_holder] -->    position: fixed;<!-- [et_pb_line_break_holder] -->    bottom: 9px;<!-- [et_pb_line_break_holder] -->    right: -5px;<!-- [et_pb_line_break_holder] -->\t}\t<!-- [et_pb_line_break_holder] -->\t.icons-f{<!-- [et_pb_line_break_holder] -->\t\twidth: 24px;<!-- [et_pb_line_break_holder] -->\t\theight: 23px;<!-- [et_pb_line_break_holder] -->\t\tbackground: #fff;<!-- [et_pb_line_break_holder] -->\t\tborder-radius: 50%;<!-- [et_pb_line_break_holder] -->\t\tdisplay: inline-block;<!-- [et_pb_line_break_holder] -->\t\tmargin-left: 4px;<!-- [et_pb_line_break_holder] -->\t}<!-- [et_pb_line_break_holder] -->  <!-- [et_pb_line_break_holder] -->   .icons-f:hover > p{<!-- [et_pb_line_break_holder] -->    background: #000;<!-- [et_pb_line_break_holder] -->    color: #fff;<!-- [et_pb_line_break_holder] -->  }<!-- [et_pb_line_break_holder] --><!-- [et_pb_line_break_holder] -->\t.icons-f p{<!-- [et_pb_line_break_holder] -->    font-family: 'Roboto',Helvetica,Arial,Lucida,sans-serif!important;<!-- [et_pb_line_break_holder] -->\t\tcolor: #000;<!-- [et_pb_line_break_holder] -->\t\ttext-align: center;<!-- [et_pb_line_break_holder] -->\t\tfont-size: 11px;<!-- [et_pb_line_break_holder] -->\t\tmargin: 0px;<!-- [et_pb_line_break_holder] -->    border-radius: 50%;<!-- [et_pb_line_break_holder] -->    transition: 0.5s;<!-- [et_pb_line_break_holder] -->\t}<!-- [et_pb_line_break_holder] -->  <!-- [et_pb_line_break_holder] -->  .icons-f p i{<!-- [et_pb_line_break_holder] -->    font-size: 12px;<!-- [et_pb_line_break_holder] -->    }<!-- [et_pb_line_break_holder] -->  <!-- [et_pb_line_break_holder] --> \/* @media (max-width: 1200px) {<!-- [et_pb_line_break_holder] -->    .icons-footer-page{<!-- [et_pb_line_break_holder] -->        right: -40px;<!-- [et_pb_line_break_holder] -->    } <!-- [et_pb_line_break_holder] -->  }*\/<!-- [et_pb_line_break_holder] -->  <!-- [et_pb_line_break_holder] -->   @media (max-width: 500px) {<!-- [et_pb_line_break_holder] -->    .icons-footer-page{<!-- [et_pb_line_break_holder] -->    \tright: -40px;<!-- [et_pb_line_break_holder] -->    } <!-- [et_pb_line_break_holder] -->  }<!-- [et_pb_line_break_holder] --><!-- [et_pb_line_break_holder] -->\t\/*.line{<!-- [et_pb_line_break_holder] -->\t\tborder: solid 1px red;<!-- [et_pb_line_break_holder] -->\t\tdisplay: inline-block;<!-- [et_pb_line_break_holder] -->\t\theight: 25px;<!-- [et_pb_line_break_holder] -->\t\tmargin-left: 5px;<!-- [et_pb_line_break_holder] --><!-- [et_pb_line_break_holder] -->\t}<!-- [et_pb_line_break_holder] --><!-- [et_pb_line_break_holder] -->\t.line p{<!-- [et_pb_line_break_holder] -->\t\tcolor: #fff;<!-- [et_pb_line_break_holder] -->\t\ttext-align: center;<!-- [et_pb_line_break_holder] -->\t\tfont-size: 11px;<!-- [et_pb_line_break_holder] -->\t\tmargin: 0px;<!-- [et_pb_line_break_holder] -->\t\tpadding-top: 5px;<!-- [et_pb_line_break_holder] --><!-- [et_pb_line_break_holder] -->\t}*\/<!-- [et_pb_line_break_holder] --><\/style>\n<p>\t<!-- [et_pb_line_break_holder] --><\/p>\n<div class=\"icons-footer-page\"><!-- [et_pb_line_break_holder] -->\t<a href=\"https:\/\/rrcinema.com\" class=\"icons-f\"><!-- [et_pb_line_break_holder] -->\t\t\t<\/p>\n<p>EN<\/p>\n<p><!-- [et_pb_line_break_holder] -->\t\t<\/a><!-- [et_pb_line_break_holder] -->\t\t<a href=\"https:\/\/rrcinema.com\/es\" class=\"icons-f\"><!-- [et_pb_line_break_holder] -->\t\t\t<\/p>\n<p>ES<\/p>\n<p><!-- [et_pb_line_break_holder] -->\t\t<\/a><!-- [et_pb_line_break_holder] -->\t\t<!--\n\n<div class=\"line\"><!-- [et_pb_line_break_holder] -->\t\t\t<\/p>\n<p><!-- [et_pb_line_break_holder] -->\t\t<\/div>\n<p>&#8211;><!-- [et_pb_line_break_holder] -->\t<a target=\"_blank\" href=\"https:\/\/www.instagram.com\/rr_cinema\/\" class=\"icons-f\" rel=\"noopener noreferrer\"><!-- [et_pb_line_break_holder] -->\t\t\t<\/p>\n<p><i class=\"fa fa-instagram\"><\/i><\/p>\n<p><!-- [et_pb_line_break_holder] -->\t\t<\/a><!-- [et_pb_line_break_holder] -->\t\t<a target=\"_blank\" href=\"https:\/\/www.facebook.com\/mrrodrigoreyes\" class=\"icons-f\" rel=\"noopener noreferrer\"><!-- [et_pb_line_break_holder] -->\t\t\t<\/p>\n<p><i class=\"fa fa-facebook\"><\/i><\/p>\n<p><!-- [et_pb_line_break_holder] -->\t\t<\/a><!-- [et_pb_line_break_holder] -->\t<\/div>\n<p><!-- [et_pb_line_break_holder] -->[\/et_pb_code][\/et_pb_column][\/et_pb_row][\/et_pb_section][et_pb_section fb_built=\u00bb1&#8243; disabled_on=\u00bbon|on|on\u00bb _builder_version=\u00bb4.1&#8243; background_color=\u00bb#969696&#8243; custom_margin=\u00bb0px||||false|false\u00bb custom_padding=\u00bb0px||0px||false|false\u00bb disabled=\u00bbon\u00bb][et_pb_row _builder_version=\u00bb4.1&#8243; width=\u00bb100%\u00bb max_width=\u00bb100%\u00bb custom_margin=\u00bb10px||0px||false|false\u00bb custom_padding=\u00bb0px||0px||false|false\u00bb][et_pb_column type=\u00bb4_4&#8243; _builder_version=\u00bb4.1&#8243;][et_pb_slider module_id=\u00bbtexto-slider\u00bb _builder_version=\u00bb4.1&#8243; custom_padding=\u00bb50vh||50vh||false|false\u00bb][et_pb_slide button_text=\u00bbSee more\u00bb _builder_version=\u00bb4.1&#8243; body_font=\u00bb|300|||||||\u00bb background_enable_color=\u00bboff\u00bb background_image=\u00bbhttps:\/\/rrcinema.com\/es\/wp-content\/uploads\/2020\/10\/RRcinema-1.jpg\u00bb background_enable_image=\u00bbon\u00bb custom_button=\u00bbon\u00bb button_text_size=\u00bb12px\u00bb button_border_width=\u00bb0px\u00bb custom_css_main_element=\u00bb||\u00bb]<\/p>\n<p>LUPE UNDER THE SUN is a first-of-its-kind dramatic film that uses non-actors, real framworkers living in the heart of California, to tell a moving drma about an aging peach picker who eants to go back to his home in Mexico before he dies.<\/p>\n<p>[\/et_pb_slide][et_pb_slide _builder_version=\u00bb4.1&#8243; background_enable_color=\u00bboff\u00bb background_image=\u00bbhttps:\/\/rrcinema.com\/es\/wp-content\/uploads\/2020\/10\/Memorias-slim.png\u00bb background_enable_image=\u00bbon\u00bb]<\/p>\n<p>Your content goes here. Edit or remove this text inline or in the module Content settings. You can also style every aspect of this content in the module Design settings and even apply custom CSS to this text in the module Advanced settings.<\/p>\n<p>[\/et_pb_slide][et_pb_slide _builder_version=\u00bb4.1&#8243; background_enable_color=\u00bboff\u00bb background_image=\u00bbhttps:\/\/rrcinema.com\/es\/wp-content\/uploads\/2020\/10\/Slider-3.jpg\u00bb background_enable_image=\u00bbon\u00bb]<\/p>\n<p>Your content goes here. Edit or remove this text inline or in the module Content settings. You can also style every aspect of this content in the module Design settings and even apply custom CSS to this text in the module Advanced settings.<\/p>\n<p>[\/et_pb_slide][et_pb_slide _builder_version=\u00bb4.1&#8243; background_enable_color=\u00bboff\u00bb background_image=\u00bbhttps:\/\/rrcinema.com\/es\/wp-content\/uploads\/2020\/10\/Slider-3.jpg\u00bb background_enable_image=\u00bbon\u00bb]<\/p>\n<p>Your content goes here. Edit or remove this text inline or in the module Content settings. You can also style every aspect of this content in the module Design settings and even apply custom CSS to this text in the module Advanced settings.<\/p>\n<p>[\/et_pb_slide][et_pb_slide _builder_version=\u00bb4.1&#8243; background_enable_color=\u00bboff\u00bb background_image=\u00bbhttps:\/\/rrcinema.com\/es\/wp-content\/uploads\/2020\/10\/slider-5-scaled.jpg\u00bb background_enable_image=\u00bbon\u00bb]<\/p>\n<p>Your content goes here. Edit or remove this text inline or in the module Content settings. You can also style every aspect of this content in the module Design settings and even apply custom CSS to this text in the module Advanced settings.<\/p>\n<p>[\/et_pb_slide][\/et_pb_slider][\/et_pb_column][\/et_pb_row][\/et_pb_section]<\/p>\n","protected":false},"excerpt":{"rendered":"<p>[et_pb_section fb_built=\u00bb1&#8243; _builder_version=\u00bb4.1&#8243; background_color=\u00bb#969696&#8243; custom_margin=\u00bb-90px||||false|false\u00bb custom_padding=\u00bb0px||0px||false|false\u00bb][et_pb_row _builder_version=\u00bb4.1&#8243; width=\u00bb100%\u00bb max_width=\u00bb100%\u00bb custom_margin=\u00bb10px||0px||false|false\u00bb custom_padding=\u00bb0px||0px||false|false\u00bb][et_pb_column type=\u00bb4_4&#8243; _builder_version=\u00bb4.1&#8243;][et_pb_slider module_id=\u00bbtexto-slider\u00bb _builder_version=\u00bb4.1&#8243; body_font=\u00bbRoboto|300|||||||\u00bb custom_button=\u00bbon\u00bb button_text_size=\u00bb35px\u00bb button_text_color=\u00bb#ffffff\u00bb button_font=\u00bbRoboto|300|||||||\u00bb button_on_hover=\u00bboff\u00bb button_alignment=\u00bbleft\u00bb button_custom_margin=\u00bb||||false|false\u00bb custom_padding=\u00bb50vh||50vh||false|false\u00bb][et_pb_slide button_text=\u00bb Ver m\u00e1s\u00bb button_link=\u00bbhttps:\/\/rrcinema.com\/es\/films-499\/\u00bb _builder_version=\u00bb4.1&#8243; body_font=\u00bb|300|||||||\u00bb background_color=\u00bbrgba(0,0,0,0)\u00bb background_enable_color=\u00bbon\u00bb background_image=\u00bbhttps:\/\/rrcinema.com\/es\/wp-content\/uploads\/2020\/10\/1-499.jpg\u00bb background_enable_image=\u00bbon\u00bb custom_button=\u00bbon\u00bb button_text_size=\u00bb15px\u00bb button_border_width=\u00bb0px\u00bb custom_css_main_element=\u00bb||\u00bb] En el 500 aniversario de la conquista espa\u00f1ola, un conquistador fantasmal lleg\u00f3 al M\u00e9xico moderno, encontrando los [&hellip;]<\/p>\n","protected":false},"author":1,"featured_media":0,"parent":0,"menu_order":0,"comment_status":"closed","ping_status":"closed","template":"","meta":{"_et_pb_use_builder":"on","_et_pb_old_content":"","_et_gb_content_width":""},"_links":{"self":[{"href":"https:\/\/rrcinema.com\/es\/wp-json\/wp\/v2\/pages\/9"}],"collection":[{"href":"https:\/\/rrcinema.com\/es\/wp-json\/wp\/v2\/pages"}],"about":[{"href":"https:\/\/rrcinema.com\/es\/wp-json\/wp\/v2\/types\/page"}],"author":[{"embeddable":true,"href":"https:\/\/rrcinema.com\/es\/wp-json\/wp\/v2\/users\/1"}],"replies":[{"embeddable":true,"href":"https:\/\/rrcinema.com\/es\/wp-json\/wp\/v2\/comments?post=9"}],"version-history":[{"count":90,"href":"https:\/\/rrcinema.com\/es\/wp-json\/wp\/v2\/pages\/9\/revisions"}],"predecessor-version":[{"id":946,"href":"https:\/\/rrcinema.com\/es\/wp-json\/wp\/v2\/pages\/9\/revisions\/946"}],"wp:attachment":[{"href":"https:\/\/rrcinema.com\/es\/wp-json\/wp\/v2\/media?parent=9"}],"curies":[{"name":"wp","href":"https:\/\/api.w.org\/{rel}","templated":true}]}}